{"id":724,"date":"2015-06-23T16:59:03","date_gmt":"2015-06-23T14:59:03","guid":{"rendered":"https:\/\/www.kraemerag.ch\/es\/?page_id=724"},"modified":"2018-09-11T13:27:10","modified_gmt":"2018-09-11T11:27:10","slug":"excencion-de-responsabilidad","status":"publish","type":"page","link":"https:\/\/www.kraemerag.ch\/es\/excencion-de-responsabilidad\/","title":{"rendered":"Excenci\u00f3n de responsabilidad"},"content":{"rendered":"<p><strong>1.\u00a0<b>Contenido de la oferta online<\/b><\/strong><br \/>\nEl autor no asume responsabilidad alguna por la actualidad, correcci\u00f3n, completitud o calidad de las informaciones ofrecidas. Quedan excluidos por principio todos los derechos de petici\u00f3n de responsabilidades contra el autor por da\u00f1os y perjuicios surgidos del uso o del no uso de las informaciones ofrecidas o del hecho de que \u00e9stas no sean completas o correctas, siempre que el autor no haya obrado deliberadamente o sea responsable directo debido a una imprudencia grave. <br \/>\nTodas las ofertas son libres y no vinculantes. El autor se reserva expl\u00edcitamente el derecho de modificar, completar, borrar o suspender la publicaci\u00f3n de partes de la p\u00e1gina o de la totalidad de su oferta sin aviso previo, ya sea temporal o definitivamente.<\/p>\n<p><strong>2.<b> Referencias y enlaces <\/b><\/strong>\u00a0<br \/>\nEn caso de referencias directas o indirectas a p\u00e1ginas web externas (\u00abhiperenlaces\u00bb) que se encuentran fuera del campo de responsabilidad del autor, \u00e9ste es responsable del contenido de esas p\u00e1ginas s\u00f3lo en caso de que el autor tenga conocimientos exactos de las mismas y de que le haya sido posible evitar t\u00e9cnicamente su uso en caso de que los contenidos no se hallen conforme a la ley. <br \/>\nPor esa raz\u00f3n, el autor declara expl\u00edcitamente que en el momento de establecer el enlace, en las p\u00e1ginas correspondientes no eran reconocibles contenidos ilegales. El autor no tiene influencia alguna sobre los cambios actuales o futuros o sobre los contenidos de las p\u00e1ginas a las que remiten los enlaces. Por ello, el autor se distancia de forma expl\u00edcita de todos los contenidos de las p\u00e1ginas que han sido modificadas despu\u00e9s de establecer los enlaces. Esta constataci\u00f3n vale para todos los enlaces y referencias que se encuentran dentro de la oferta online propia, as\u00ed como tambi\u00e9n para todas las entradas de otras personas en libros de visitas, foros de discusi\u00f3n, listas de correo administrados por el autor y para otras formas de bases de datos a cuyo contenido son posibles accesos de escritura desde el exterior. Responsable de contenidos ilegales, defectuosos o incompletos y en especial de los da\u00f1os que pudieran derivarse del uso o del no uso de ese tipo de informaciones, es exclusivamente el ofertante de la p\u00e1gina a la que remite el enlace, y no quien remite a la publicaci\u00f3n correspondiente s\u00f3lo mediante enlaces.<\/p>\n<p><strong>3.\u00a0<b>Propiedad intelectual y derecho de marcas <\/b><\/strong>\u00a0<br \/>\nEn todas las publicaciones, el autor se ha esforzado por respetar los derechos de autor de los gr\u00e1ficos, documentos sonoros, secuencias de v\u00eddeo y textos empleados, en emplear gr\u00e1ficos, documentos sonoros, secuencias de v\u00eddeo y textos propios, y en emplear gr\u00e1ficos, documentos sonoros, secuencias de v\u00eddeo y textos de licencia libre. <br \/>\nTodas las marcas registradas y nombres de productos mencionados y, dado el caso, protegidos por terceras partes, que se mencionan dentro de la oferta online, est\u00e1n sujetos sin excepciones a las prescripciones vigentes en cada caso relativas a los derechos de identificaci\u00f3n y de propiedad de los propietarios registrados correspondientes. La sola menci\u00f3n no permite inferir que las marcas correspondientes no est\u00e1n protegidas por derechos de terceras partes. <br \/>\nEl copyright de los textos publicados y creados por el autor mismo es propiedad exclusiva del autor de las p\u00e1ginas. Est\u00e1 prohibida la reproducci\u00f3n o el uso de los gr\u00e1ficos, documentos sonoros, secuencias de v\u00eddeo o textos en otras publicaciones electr\u00f3nicas o impresas sin el consentimiento expl\u00edcito del autor.<\/p>\n<p>&nbsp;<\/p>\n","protected":false},"excerpt":{"rendered":"<p>1.\u00a0Contenido de la oferta online El autor no asume responsabilidad alguna por la actualidad, correcci\u00f3n, completitud o calidad de las informaciones ofrecidas. Quedan excluidos por principio todos los derechos de petici\u00f3n de responsabilidades contra el autor por da\u00f1os y perjuicios surgidos del uso o del no uso de las informaciones ofrecidas o del hecho de &hellip; <a href=\"https:\/\/www.kraemerag.ch\/es\/excencion-de-responsabilidad\/\">Continued<\/a><\/p>\n","protected":false},"author":1,"featured_media":527,"parent":0,"menu_order":110,"comment_status":"closed","ping_status":"closed","template":"views\/template-2columns.blade.php","meta":{"_acf_changed":false,"footnotes":""},"class_list":["post-724","page","type-page","status-publish","has-post-thumbnail","hentry"],"acf":[],"_links":{"self":[{"href":"https:\/\/www.kraemerag.ch\/es\/wp-json\/wp\/v2\/pages\/724","targetHints":{"allow":["GET"]}}],"collection":[{"href":"https:\/\/www.kraemerag.ch\/es\/wp-json\/wp\/v2\/pages"}],"about":[{"href":"https:\/\/www.kraemerag.ch\/es\/wp-json\/wp\/v2\/types\/page"}],"author":[{"embeddable":true,"href":"https:\/\/www.kraemerag.ch\/es\/wp-json\/wp\/v2\/users\/1"}],"replies":[{"embeddable":true,"href":"https:\/\/www.kraemerag.ch\/es\/wp-json\/wp\/v2\/comments?post=724"}],"version-history":[{"count":3,"href":"https:\/\/www.kraemerag.ch\/es\/wp-json\/wp\/v2\/pages\/724\/revisions"}],"predecessor-version":[{"id":5134,"href":"https:\/\/www.kraemerag.ch\/es\/wp-json\/wp\/v2\/pages\/724\/revisions\/5134"}],"wp:featuredmedia":[{"embeddable":true,"href":"https:\/\/www.kraemerag.ch\/es\/wp-json\/wp\/v2\/media\/527"}],"wp:attachment":[{"href":"https:\/\/www.kraemerag.ch\/es\/wp-json\/wp\/v2\/media?parent=724"}],"curies":[{"name":"wp","href":"https:\/\/api.w.org\/{rel}","templated":true}]}}