{"id":351,"date":"2015-04-29T10:53:18","date_gmt":"2015-04-29T08:53:18","guid":{"rendered":"https:\/\/www.kraemerag.ch\/?page_id=351"},"modified":"2023-11-01T13:57:10","modified_gmt":"2023-11-01T12:57:10","slug":"trade-shows-and-events","status":"publish","type":"page","link":"https:\/\/www.kraemerag.ch\/es\/noticias-y-eventos\/trade-shows-and-events\/","title":{"rendered":"Ferias y eventos"},"content":{"rendered":"<p>La siguiente lista es una selecci\u00f3n de ferias donde los equipos de Kr\u00e4mer est\u00e1ran presentes:<\/p>\n","protected":false},"excerpt":{"rendered":"<p>La siguiente lista es una selecci\u00f3n de ferias donde los equipos de Kr\u00e4mer est\u00e1ran presentes:<\/p>\n","protected":false},"author":1,"featured_media":2295,"parent":343,"menu_order":2,"comment_status":"closed","ping_status":"closed","template":"views\/template-showsandevents.blade.php","meta":{"_acf_changed":false,"footnotes":""},"class_list":["post-351","page","type-page","status-publish","has-post-thumbnail","hentry"],"acf":[],"_links":{"self":[{"href":"https:\/\/www.kraemerag.ch\/es\/wp-json\/wp\/v2\/pages\/351","targetHints":{"allow":["GET"]}}],"collection":[{"href":"https:\/\/www.kraemerag.ch\/es\/wp-json\/wp\/v2\/pages"}],"about":[{"href":"https:\/\/www.kraemerag.ch\/es\/wp-json\/wp\/v2\/types\/page"}],"author":[{"embeddable":true,"href":"https:\/\/www.kraemerag.ch\/es\/wp-json\/wp\/v2\/users\/1"}],"replies":[{"embeddable":true,"href":"https:\/\/www.kraemerag.ch\/es\/wp-json\/wp\/v2\/comments?post=351"}],"version-history":[{"count":6,"href":"https:\/\/www.kraemerag.ch\/es\/wp-json\/wp\/v2\/pages\/351\/revisions"}],"predecessor-version":[{"id":97655,"href":"https:\/\/www.kraemerag.ch\/es\/wp-json\/wp\/v2\/pages\/351\/revisions\/97655"}],"up":[{"embeddable":true,"href":"https:\/\/www.kraemerag.ch\/es\/wp-json\/wp\/v2\/pages\/343"}],"wp:featuredmedia":[{"embeddable":true,"href":"https:\/\/www.kraemerag.ch\/es\/wp-json\/wp\/v2\/media\/2295"}],"wp:attachment":[{"href":"https:\/\/www.kraemerag.ch\/es\/wp-json\/wp\/v2\/media?parent=351"}],"curies":[{"name":"wp","href":"https:\/\/api.w.org\/{rel}","templated":true}]}}