{"id":322,"date":"2015-06-17T14:17:30","date_gmt":"2015-06-17T12:17:30","guid":{"rendered":"https:\/\/www.kraemerag.ch\/?page_id=322"},"modified":"2021-01-19T14:35:55","modified_gmt":"2021-01-19T13:35:55","slug":"historia","status":"publish","type":"page","link":"https:\/\/www.kraemerag.ch\/es\/empresa\/historia\/","title":{"rendered":"Historia"},"content":{"rendered":"<p>Lo que en 1927 comenz\u00f3 como tienda de herramientas, acab\u00f3 convirti\u00e9ndose en uno de los proveedores e innovadores l\u00edderes de la industria farmac\u00e9utica. Ofrecemos m\u00e1s de 45 a\u00f1os de experiencia en el campo del desempolvado de tabletas y comprimidos. Se nos puede denominar con veracidad que somos pioneros y especialistas en el \u00e1rea de desempolvadores.<\/p>\n","protected":false},"excerpt":{"rendered":"<p>Lo que en 1927 comenz\u00f3 como tienda de herramientas, acab\u00f3 convirti\u00e9ndose en uno de los proveedores e innovadores l\u00edderes de la industria farmac\u00e9utica. Ofrecemos m\u00e1s de 45 a\u00f1os de experiencia en el campo del desempolvado de tabletas y comprimidos. Se nos puede denominar con veracidad que somos pioneros y especialistas en el \u00e1rea de desempolvadores.<\/p>\n","protected":false},"author":1,"featured_media":1945,"parent":312,"menu_order":2,"comment_status":"closed","ping_status":"closed","template":"views\/template-2columns.blade.php","meta":{"_acf_changed":false,"footnotes":""},"class_list":["post-322","page","type-page","status-publish","has-post-thumbnail","hentry"],"acf":[],"_links":{"self":[{"href":"https:\/\/www.kraemerag.ch\/es\/wp-json\/wp\/v2\/pages\/322","targetHints":{"allow":["GET"]}}],"collection":[{"href":"https:\/\/www.kraemerag.ch\/es\/wp-json\/wp\/v2\/pages"}],"about":[{"href":"https:\/\/www.kraemerag.ch\/es\/wp-json\/wp\/v2\/types\/page"}],"author":[{"embeddable":true,"href":"https:\/\/www.kraemerag.ch\/es\/wp-json\/wp\/v2\/users\/1"}],"replies":[{"embeddable":true,"href":"https:\/\/www.kraemerag.ch\/es\/wp-json\/wp\/v2\/comments?post=322"}],"version-history":[{"count":12,"href":"https:\/\/www.kraemerag.ch\/es\/wp-json\/wp\/v2\/pages\/322\/revisions"}],"predecessor-version":[{"id":11394,"href":"https:\/\/www.kraemerag.ch\/es\/wp-json\/wp\/v2\/pages\/322\/revisions\/11394"}],"up":[{"embeddable":true,"href":"https:\/\/www.kraemerag.ch\/es\/wp-json\/wp\/v2\/pages\/312"}],"wp:featuredmedia":[{"embeddable":true,"href":"https:\/\/www.kraemerag.ch\/es\/wp-json\/wp\/v2\/media\/1945"}],"wp:attachment":[{"href":"https:\/\/www.kraemerag.ch\/es\/wp-json\/wp\/v2\/media?parent=322"}],"curies":[{"name":"wp","href":"https:\/\/api.w.org\/{rel}","templated":true}]}}