{"id":316,"date":"2015-06-17T14:16:12","date_gmt":"2015-06-17T12:16:12","guid":{"rendered":"https:\/\/www.kraemerag.ch\/?page_id=316"},"modified":"2021-01-20T12:06:45","modified_gmt":"2021-01-20T11:06:45","slug":"por-que-kramer","status":"publish","type":"page","link":"https:\/\/www.kraemerag.ch\/es\/empresa\/por-que-kramer\/","title":{"rendered":"Por qu\u00e9 Kr\u00e4mer"},"content":{"rendered":"<div class=\"editor-block block block__imageleft\">\n  <div class=\"mobile-image-container d-md-none mb-5  text-center\">\n        <img decoding=\"async\" src=\"https:\/\/www.kraemerag.ch\/wp-content\/uploads\/2020\/11\/Erfahrung-e1605623597853.png\" class=\"img-fluid\" alt=\"\">\n  <\/div>\n  <div class=\"container\">\n    <div class=\"row justify-content-center\">\n      <div class=\"col-12 col-md-5 d-none d-md-block  text-center\">\n        <img decoding=\"async\" src=\"https:\/\/www.kraemerag.ch\/wp-content\/uploads\/2020\/11\/Erfahrung-e1605623597853.png\" class=\"img-fluid\" alt=\"\">\n      <\/div>\n      <div class=\"col-12 col-md-7\">\n      \t<h4 class=\"p1\">Experienca<\/h4>\n<p>Nuestra compa\u00f1\u00eda ha existido por m\u00e1s de 45 a\u00f1os y ha implementado varias patentes. Nuestro objetivo es mejorarnos constantemente para satisfacer el creciente n\u00famero de necesidades individuales de los clientes. Nuestras m\u00e1quinas se caracterizan por su calidad, fiabilidad y durabilidad. Esto s\u00f3lo es posible con un personal altamente cualificado, que apoya y ejemplifica esta filosof\u00eda de empresa. Esto nos convierte en una empresa \u00fanica y en el socio perfecto para usted. Adem\u00e1s de nuestras soluciones est\u00e1ndar, tambi\u00e9n nos hemos especializado en soluciones individuales y estamos siempre a la disposici\u00f3n de ayudarles con asesoramiento y apoyo t\u00e9cnico.<\/p>\n\n      <\/div>\n    <\/div>\n\n        <div class=\"facts\">\n      <div class=\"row justify-content-between\">\n                    <div class=\"col-12 col-md-3 mb-5 mb-md-0\">\n            <div class=\"fact\">\n              <h5 class=\"fact-title\" ><span>Experiencia<\/span><\/h5>\n              <h5 class=\"fact-desc textimate \" >m\u00e1s de 45 a\u00f1os de experiencia<\/h5>\n            <\/div>\n          <\/div>\n                    <div class=\"col-12 col-md-3 mb-5 mb-md-0\">\n            <div class=\"fact\">\n              <h5 class=\"fact-title\" ><span>Especializaci\u00f3n<\/span><\/h5>\n              <h5 class=\"fact-desc textimate \" >en soluciones individuales<\/h5>\n            <\/div>\n          <\/div>\n                    <div class=\"col-12 col-md-3 mb-5 mb-md-0\">\n            <div class=\"fact\">\n              <h5 class=\"fact-title\" ><span>Especialistas cualificados<\/span><\/h5>\n              <h5 class=\"fact-desc textimate \" >para la mejor calidad<\/h5>\n            <\/div>\n          <\/div>\n                <\/div>\n    <\/div>\n    \n  <\/div>\n<\/div>\n\n\n\n\n<div style=\"height:100px\" aria-hidden=\"true\" class=\"wp-block-spacer\"><\/div>\n\n\n<div class=\"editor-block block block__imageleft\">\n  <div class=\"mobile-image-container d-md-none mb-5  text-center\">\n        <img decoding=\"async\" src=\"https:\/\/www.kraemerag.ch\/wp-content\/uploads\/2020\/11\/Zuverl\u00e4ssigkeit-e1605623633473.png\" class=\"img-fluid\" alt=\"\">\n  <\/div>\n  <div class=\"container\">\n    <div class=\"row justify-content-center\">\n      <div class=\"col-12 col-md-5 d-none d-md-block  text-center\">\n        <img decoding=\"async\" src=\"https:\/\/www.kraemerag.ch\/wp-content\/uploads\/2020\/11\/Zuverl\u00e4ssigkeit-e1605623633473.png\" class=\"img-fluid\" alt=\"\">\n      <\/div>\n      <div class=\"col-12 col-md-7\">\n      \t<h4 class=\"p1\">Fiabilidad<\/h4>\n<p>Gracias a su excelente calidad, nuestras m\u00e1quinas tienen una vida \u00fatil superior a la media. Algunos de los primeros extractores de polvo de 1979 siguen en uso hoy en d\u00eda. Mediante un mantenimiento regular, se pueden evitar las aver\u00edas y aumentar la vida \u00fatil de su desempolvador y pulidor Kr\u00e4mer. Como resultado, puede esperar una productividad y eficiencia \u00f3ptimas de sus procesos. Le apoyamos, ayudamos y ense\u00f1amos a su personal a utilizar correctamente las m\u00e1quinas.<\/p>\n\n      <\/div>\n    <\/div>\n\n        <div class=\"facts\">\n      <div class=\"row justify-content-between\">\n                    <div class=\"col-12 col-md-3 mb-5 mb-md-0\">\n            <div class=\"fact\">\n              <h5 class=\"fact-title\" ><span>Sistema QM<\/span><\/h5>\n              <h5 class=\"fact-desc textimate \" >ISO 9001:2015<\/h5>\n            <\/div>\n          <\/div>\n                    <div class=\"col-12 col-md-3 mb-5 mb-md-0\">\n            <div class=\"fact\">\n              <h5 class=\"fact-title\" ><span>Alta durabilidad<\/span><\/h5>\n              <h5 class=\"fact-desc textimate \" >bajo Costo Total de Propiedad<\/h5>\n            <\/div>\n          <\/div>\n                    <div class=\"col-12 col-md-3 mb-5 mb-md-0\">\n            <div class=\"fact\">\n              <h5 class=\"fact-title\" ><span>Productividad<\/span><\/h5>\n              <h5 class=\"fact-desc textimate \" >Eficiente y eficaz<\/h5>\n            <\/div>\n          <\/div>\n                <\/div>\n    <\/div>\n    \n  <\/div>\n<\/div>\n\n\n\n\n<div style=\"height:100px\" aria-hidden=\"true\" class=\"wp-block-spacer\"><\/div>\n\n\n<div class=\"editor-block block block__imageleft\">\n  <div class=\"mobile-image-container d-md-none mb-5  text-center\">\n        <img decoding=\"async\" src=\"https:\/\/www.kraemerag.ch\/wp-content\/uploads\/2020\/11\/Qualit\u00e4t-e1605623659729.png\" class=\"img-fluid\" alt=\"\">\n  <\/div>\n  <div class=\"container\">\n    <div class=\"row justify-content-center\">\n      <div class=\"col-12 col-md-5 d-none d-md-block  text-center\">\n        <img decoding=\"async\" src=\"https:\/\/www.kraemerag.ch\/wp-content\/uploads\/2020\/11\/Qualit\u00e4t-e1605623659729.png\" class=\"img-fluid\" alt=\"\">\n      <\/div>\n      <div class=\"col-12 col-md-7\">\n      \t<h4 class=\"p1\">Calidad<\/h4>\n<p>Nuestras soluciones ofrecen un alto rendimiento y un bajo costo durante todo el ciclo de vida del producto. Mediante un mantenimiento regular, se pueden evitar las aver\u00edas y aumentar la vida \u00fatil de su desempolvador Kr\u00e4mer. Como resultado, puede esperar una productividad y eficiencia \u00f3ptimas de sus procesos. Le apoyamos, ayudamos y ense\u00f1amos a su personal a utilizar correctamente las m\u00e1quinas.<\/p>\n\n      <\/div>\n    <\/div>\n\n        <div class=\"facts\">\n      <div class=\"row justify-content-between\">\n                    <div class=\"col-12 col-md-3 mb-5 mb-md-0\">\n            <div class=\"fact\">\n              <h5 class=\"fact-title\" ><span>Versi\u00f3n en acero inox<\/span><\/h5>\n              <h5 class=\"fact-desc textimate \" >robusto y resistente<\/h5>\n            <\/div>\n          <\/div>\n                    <div class=\"col-12 col-md-3 mb-5 mb-md-0\">\n            <div class=\"fact\">\n              <h5 class=\"fact-title\" ><span>Dise\u00f1o modular<\/span><\/h5>\n              <h5 class=\"fact-desc textimate \" >montaje sin herramientas<\/h5>\n            <\/div>\n          <\/div>\n                    <div class=\"col-12 col-md-3 mb-5 mb-md-0\">\n            <div class=\"fact\">\n              <h5 class=\"fact-title\" ><span>Carcasa sin vibraciones<\/span><\/h5>\n              <h5 class=\"fact-desc textimate \" >gracias a unidad vibratoria patentada<\/h5>\n            <\/div>\n          <\/div>\n                <\/div>\n    <\/div>\n    \n  <\/div>\n<\/div>\n\n\n\n\n<div style=\"height:100px\" aria-hidden=\"true\" class=\"wp-block-spacer\"><\/div>\n\n\n<div class=\"block block__imagefullwidth-fact\" style=\"background: #d6dee8;\">\n\n\t<div class=\"container\">\n\t\t\n\t\t<div class=\"row justify-content-center\">\n\t\t\t<div class=\"col-12 col-md-6\">\n\t\t\t\t<h3 class=\"text-center\"><\/h3>\n\t\t\t<\/div>\n\t\t\t\n\t\t<\/div>\n\n\t\t<div class=\"row justify-content-center\">\n\t\t\t<div class=\"col-12 col-lg-8\">\n\n\t\t\t\t<img decoding=\"async\" src=\"https:\/\/www.kraemerag.ch\/wp-content\/uploads\/2020\/09\/weltkarte@3x.png\" class=\"img-fluid\">\n\t\t\t<\/div>\n\t\t\t\n\t\t<\/div>\n\n\t\t<div class=\"row justify-content-center\">\n\t\t\t<div class=\"col-12 col-md-4\">\n\n\t\t\t\t<div class=\"fact imagefullwidth\">\n\t              <h5 class=\"fact-title text-center\"><span>disponible en el mundo entero<\/span><\/h5>\n\t              <h5 class=\"fact-desc text-center\">con 3 ubicaciones y m\u00e1s de 40 agencias<\/h5>\n\t            <\/div>\n\t\t\t<\/div>\n\t\t<\/div>\n\n\t\t<div class=\"row justify-content-center\">\n\t\t\t<div class=\"col-12 col-md-6\">\n\t\t\t\t<p class=\"text-center\">Nuestra red mundial con 3 ubicaciones propias de Kr\u00e4mer y m\u00e1s de 40 representantes nos permite mantener una relaci\u00f3n cercana con todos los clientes, gracias a lo cual podemos garantizar un servicio y soporte \u00f3ptimo.<\/p>\n\t\t\t<\/div>\n\t\t<\/div>\n\n\t<\/div>\n\n\n<\/div>","protected":false},"excerpt":{"rendered":"","protected":false},"author":1,"featured_media":1948,"parent":312,"menu_order":1,"comment_status":"closed","ping_status":"open","template":"","meta":{"_acf_changed":false,"footnotes":""},"class_list":["post-316","page","type-page","status-publish","has-post-thumbnail","hentry"],"acf":[],"_links":{"self":[{"href":"https:\/\/www.kraemerag.ch\/es\/wp-json\/wp\/v2\/pages\/316","targetHints":{"allow":["GET"]}}],"collection":[{"href":"https:\/\/www.kraemerag.ch\/es\/wp-json\/wp\/v2\/pages"}],"about":[{"href":"https:\/\/www.kraemerag.ch\/es\/wp-json\/wp\/v2\/types\/page"}],"author":[{"embeddable":true,"href":"https:\/\/www.kraemerag.ch\/es\/wp-json\/wp\/v2\/users\/1"}],"replies":[{"embeddable":true,"href":"https:\/\/www.kraemerag.ch\/es\/wp-json\/wp\/v2\/comments?post=316"}],"version-history":[{"count":27,"href":"https:\/\/www.kraemerag.ch\/es\/wp-json\/wp\/v2\/pages\/316\/revisions"}],"predecessor-version":[{"id":11445,"href":"https:\/\/www.kraemerag.ch\/es\/wp-json\/wp\/v2\/pages\/316\/revisions\/11445"}],"up":[{"embeddable":true,"href":"https:\/\/www.kraemerag.ch\/es\/wp-json\/wp\/v2\/pages\/312"}],"wp:featuredmedia":[{"embeddable":true,"href":"https:\/\/www.kraemerag.ch\/es\/wp-json\/wp\/v2\/media\/1948"}],"wp:attachment":[{"href":"https:\/\/www.kraemerag.ch\/es\/wp-json\/wp\/v2\/media?parent=316"}],"curies":[{"name":"wp","href":"https:\/\/api.w.org\/{rel}","templated":true}]}}