{"id":1269,"date":"2015-08-05T13:22:55","date_gmt":"2015-08-05T11:22:55","guid":{"rendered":"https:\/\/www.kraemerag.ch\/es\/?page_id=1269"},"modified":"2022-03-22T15:34:22","modified_gmt":"2022-03-22T14:34:22","slug":"startpage","status":"publish","type":"page","link":"https:\/\/www.kraemerag.ch\/es\/","title":{"rendered":"Startpage"},"content":{"rendered":"\n\n<div class=\"block block__gutenberg--heading\"><div class=\"container\"><div class=\"row justify-content-center\"><div class=\"col-12 col-md-6\">\n<h4 class=\"has-text-align-center wp-block-heading\" id=\"kramer-el-original-suizo-desde-1975\">Kr\u00e4mer, el original Suizo desde 1975<\/h4>\n<\/div><\/div><\/div><\/div>\n\n<div class=\"block block__gutenberg--paragraph\"><div class=\"container\"><div class=\"row justify-content-center\"><div class=\"col-12 col-md-8\">\n<p><\/p>\n<\/div><\/div><\/div><\/div>\n\n<div class=\"block block__gutenberg--paragraph\"><div class=\"container\"><div class=\"row justify-content-center\"><div class=\"col-12 col-md-8\">\n<p>Kr\u00e4mer se especializa en la fabricaci\u00f3n de dispositivos de transporte, desempolvado y manipulaci\u00f3n para la industria farmac\u00e9utica y desarrolla sistemas especiales innovadores y espec\u00edficos para el cliente. Desde la invenci\u00f3n del primer desempolvador de tabletas hace m\u00e1s de 45 a\u00f1os, la empresa ha realizado un trabajo pionero y ha marcado nuevas tendencias. En cooperaci\u00f3n con los fabricantes de tableteadoras, llenadoras de c\u00e1psulas y blisteadoras de todo el mundo, desarrollamos soluciones especiales en \u00e1reas herm\u00e9ticas al polvo (DT), as\u00ed como en entornos de contenci\u00f3n (C) o de alta contenci\u00f3n (HC) en combinaci\u00f3n con dise\u00f1os opcionales de lavado en el lugar (WIP). Nuestra serie KD70 est\u00e1 certificada por SMEPAC y cumple con las pautas ATEX requeridas. Nuestra serie Econo Line KD60, que tambi\u00e9n est\u00e1 equipada con la unidad vibradora patentada y puede equiparse con varios detectores de metales, es ideal para requisitos m\u00e1s simples.<\/p>\n<\/div><\/div><\/div><\/div>\n\n<div class=\"block block__gutenberg--paragraph\"><div class=\"container\"><div class=\"row justify-content-center\"><div class=\"col-12 col-md-8\">\n<p>M\u00e1s de 10&#8217;000 desempolvadores y pulidoras de c\u00e1psulas Kr\u00e4mer a nivel Mundial, garantizan que todo funcione sin problemas en las empresas farmac\u00e9uticas todos los d\u00edas. Los fabricantes multinacionales y peque\u00f1os locales productores de tabletas y c\u00e1psulas aprecian la calidad y confiabilidad de nuestros productos.<\/p>\n<\/div><\/div><\/div><\/div>\n\n\n<div class=\"wp-block-buttons is-content-justification-center is-layout-flex wp-container-core-buttons-is-layout-16018d1d wp-block-buttons-is-layout-flex\">\n<div class=\"wp-block-button\"><a class=\"wp-block-button__link\" href=\"https:\/\/www.kraemerag.ch\/es\/empresa\/por-que-kramer\/\">POR QU\u00c9 KR\u00c4MER<\/a><\/div>\n\n\n\n<div class=\"wp-block-button\"><a class=\"wp-block-button__link\" href=\"https:\/\/www.kraemerag.ch\/es\/servicios\/servicio-y-soporte\/\">SERVICIO Y SOPORTE<\/a><\/div>\n<\/div>\n","protected":false},"excerpt":{"rendered":"<p>Kr\u00e4mer, el original Suizo desde 1975 Kr\u00e4mer se especializa en la fabricaci\u00f3n de dispositivos de transporte, desempolvado y manipulaci\u00f3n para la industria farmac\u00e9utica y desarrolla sistemas especiales innovadores y espec\u00edficos para el cliente. Desde la invenci\u00f3n del primer desempolvador de tabletas hace m\u00e1s de 45 a\u00f1os, la empresa ha realizado un trabajo pionero y ha &hellip; <a href=\"https:\/\/www.kraemerag.ch\/es\/\">Continued<\/a><\/p>\n","protected":false},"author":1,"featured_media":0,"parent":0,"menu_order":2,"comment_status":"closed","ping_status":"closed","template":"views\/template-home.blade.php","meta":{"_acf_changed":false,"footnotes":""},"class_list":["post-1269","page","type-page","status-publish","hentry"],"acf":[],"_links":{"self":[{"href":"https:\/\/www.kraemerag.ch\/es\/wp-json\/wp\/v2\/pages\/1269","targetHints":{"allow":["GET"]}}],"collection":[{"href":"https:\/\/www.kraemerag.ch\/es\/wp-json\/wp\/v2\/pages"}],"about":[{"href":"https:\/\/www.kraemerag.ch\/es\/wp-json\/wp\/v2\/types\/page"}],"author":[{"embeddable":true,"href":"https:\/\/www.kraemerag.ch\/es\/wp-json\/wp\/v2\/users\/1"}],"replies":[{"embeddable":true,"href":"https:\/\/www.kraemerag.ch\/es\/wp-json\/wp\/v2\/comments?post=1269"}],"version-history":[{"count":55,"href":"https:\/\/www.kraemerag.ch\/es\/wp-json\/wp\/v2\/pages\/1269\/revisions"}],"predecessor-version":[{"id":50513,"href":"https:\/\/www.kraemerag.ch\/es\/wp-json\/wp\/v2\/pages\/1269\/revisions\/50513"}],"wp:attachment":[{"href":"https:\/\/www.kraemerag.ch\/es\/wp-json\/wp\/v2\/media?parent=1269"}],"curies":[{"name":"wp","href":"https:\/\/api.w.org\/{rel}","templated":true}]}}