{"id":1115,"date":"2015-07-24T15:14:21","date_gmt":"2015-07-24T13:14:21","guid":{"rendered":"https:\/\/www.kraemerag.ch\/es\/?page_id=1115"},"modified":"2018-09-11T13:07:51","modified_gmt":"2018-09-11T11:07:51","slug":"oportunidadesdeempleo","status":"publish","type":"page","link":"https:\/\/www.kraemerag.ch\/es\/empresa\/oportunidadesdeempleo\/","title":{"rendered":"Oportunidades de empleo"},"content":{"rendered":"<p>Kr\u00e4mer Suiza dispone en estos momentos de los siguientes puestos de trabajo libres:<\/p>\n<ul>\n<li>\n<p>no hay ofertas de trabajo abiertas<\/p>\n<\/li>\n<\/ul>\n<p>Por favor p\u00f3ngase en contacto con nosotros por tel\u00e9fono +41 44 838 44 61 \u00f3 por <a href=\"mailto:accounting@kraemerag.ch\">Email<\/a>.\u00a0Muchas gracias por su inter\u00e9s en Kr\u00e4mer AG.<\/p>\n<p>&nbsp;<\/p>\n","protected":false},"excerpt":{"rendered":"<p>Kr\u00e4mer Suiza dispone en estos momentos de los siguientes puestos de trabajo libres: no hay ofertas de trabajo abiertas Por favor p\u00f3ngase en contacto con nosotros por tel\u00e9fono +41 44 838 44 61 \u00f3 por Email.\u00a0Muchas gracias por su inter\u00e9s en Kr\u00e4mer AG. &nbsp;<\/p>\n","protected":false},"author":1,"featured_media":1924,"parent":312,"menu_order":3,"comment_status":"closed","ping_status":"closed","template":"views\/template-2columns.blade.php","meta":{"_acf_changed":false,"footnotes":""},"class_list":["post-1115","page","type-page","status-publish","has-post-thumbnail","hentry"],"acf":[],"_links":{"self":[{"href":"https:\/\/www.kraemerag.ch\/es\/wp-json\/wp\/v2\/pages\/1115","targetHints":{"allow":["GET"]}}],"collection":[{"href":"https:\/\/www.kraemerag.ch\/es\/wp-json\/wp\/v2\/pages"}],"about":[{"href":"https:\/\/www.kraemerag.ch\/es\/wp-json\/wp\/v2\/types\/page"}],"author":[{"embeddable":true,"href":"https:\/\/www.kraemerag.ch\/es\/wp-json\/wp\/v2\/users\/1"}],"replies":[{"embeddable":true,"href":"https:\/\/www.kraemerag.ch\/es\/wp-json\/wp\/v2\/comments?post=1115"}],"version-history":[{"count":10,"href":"https:\/\/www.kraemerag.ch\/es\/wp-json\/wp\/v2\/pages\/1115\/revisions"}],"predecessor-version":[{"id":5044,"href":"https:\/\/www.kraemerag.ch\/es\/wp-json\/wp\/v2\/pages\/1115\/revisions\/5044"}],"up":[{"embeddable":true,"href":"https:\/\/www.kraemerag.ch\/es\/wp-json\/wp\/v2\/pages\/312"}],"wp:featuredmedia":[{"embeddable":true,"href":"https:\/\/www.kraemerag.ch\/es\/wp-json\/wp\/v2\/media\/1924"}],"wp:attachment":[{"href":"https:\/\/www.kraemerag.ch\/es\/wp-json\/wp\/v2\/media?parent=1115"}],"curies":[{"name":"wp","href":"https:\/\/api.w.org\/{rel}","templated":true}]}}