{"id":878,"date":"2015-07-09T16:51:04","date_gmt":"2015-07-09T14:51:04","guid":{"rendered":"https:\/\/www.kraemerag.ch\/?page_id=878"},"modified":"2025-12-16T16:17:35","modified_gmt":"2025-12-16T15:17:35","slug":"karriere","status":"publish","type":"page","link":"https:\/\/www.kraemerag.ch\/de\/unternehmen\/karriere\/","title":{"rendered":"Karriere"},"content":{"rendered":"<p>Kr\u00e4mer Schweiz verf\u00fcgt momentan \u00fcber die folgende offene Stelle:<\/p>\n<p>Bitte kontaktieren Sie uns per Telefon +41 44 838 44 61 oder per <a href=\"mailto:bewerbung@kraemerag.ch\">Email<\/a>.\u00a0Vielen Dank f\u00fcr Ihr Interesse an Kr\u00e4mer AG.<\/p>\n","protected":false},"excerpt":{"rendered":"<p>Kr\u00e4mer Schweiz verf\u00fcgt momentan \u00fcber die folgende offene Stelle: Bitte kontaktieren Sie uns per Telefon +41 44 838 44 61 oder per Email.\u00a0Vielen Dank f\u00fcr Ihr Interesse an Kr\u00e4mer AG.<\/p>\n","protected":false},"author":1,"featured_media":1922,"parent":7,"menu_order":3,"comment_status":"closed","ping_status":"closed","template":"views\/template-2columns.blade.php","meta":{"_acf_changed":false,"footnotes":""},"class_list":["post-878","page","type-page","status-publish","has-post-thumbnail","hentry"],"acf":[],"_links":{"self":[{"href":"https:\/\/www.kraemerag.ch\/de\/wp-json\/wp\/v2\/pages\/878","targetHints":{"allow":["GET"]}}],"collection":[{"href":"https:\/\/www.kraemerag.ch\/de\/wp-json\/wp\/v2\/pages"}],"about":[{"href":"https:\/\/www.kraemerag.ch\/de\/wp-json\/wp\/v2\/types\/page"}],"author":[{"embeddable":true,"href":"https:\/\/www.kraemerag.ch\/de\/wp-json\/wp\/v2\/users\/1"}],"replies":[{"embeddable":true,"href":"https:\/\/www.kraemerag.ch\/de\/wp-json\/wp\/v2\/comments?post=878"}],"version-history":[{"count":153,"href":"https:\/\/www.kraemerag.ch\/de\/wp-json\/wp\/v2\/pages\/878\/revisions"}],"predecessor-version":[{"id":134734,"href":"https:\/\/www.kraemerag.ch\/de\/wp-json\/wp\/v2\/pages\/878\/revisions\/134734"}],"up":[{"embeddable":true,"href":"https:\/\/www.kraemerag.ch\/de\/wp-json\/wp\/v2\/pages\/7"}],"wp:featuredmedia":[{"embeddable":true,"href":"https:\/\/www.kraemerag.ch\/de\/wp-json\/wp\/v2\/media\/1922"}],"wp:attachment":[{"href":"https:\/\/www.kraemerag.ch\/de\/wp-json\/wp\/v2\/media?parent=878"}],"curies":[{"name":"wp","href":"https:\/\/api.w.org\/{rel}","templated":true}]}}