{"id":52,"date":"2015-04-21T17:20:56","date_gmt":"2015-04-21T15:20:56","guid":{"rendered":"http:\/\/localhost:8888\/kra002-website-redesign-2015\/trunk\/wordpress\/?page_id=52"},"modified":"2021-01-18T11:42:56","modified_gmt":"2021-01-18T10:42:56","slug":"geschichte","status":"publish","type":"page","link":"https:\/\/www.kraemerag.ch\/de\/unternehmen\/geschichte\/","title":{"rendered":"Geschichte"},"content":{"rendered":"<p>Was im Jahre 1927 als Werkzeugladen begann hat sich zu einem der f\u00fchrenden Lieferanten und Systempartner f\u00fcr die Pharmaindustrie entwickelt. Mit der Erfindung des weltweit ersten Tablettenentstaubers vor \u00fcber 45 Jahren bieten wir jahrzehntelange Erfahrung als Innovator und Fachspezialist auf dem Gebiet der Tablettenentstaubung. Man kann uns wahrlich als Pioniere und Spezialisten bezeichnen.<\/p>\n","protected":false},"excerpt":{"rendered":"<p>Was im Jahre 1927 als Werkzeugladen begann hat sich zu einem der f\u00fchrenden Lieferanten und Systempartner f\u00fcr die Pharmaindustrie entwickelt. Mit der Erfindung des weltweit ersten Tablettenentstaubers vor \u00fcber 45 Jahren bieten wir jahrzehntelange Erfahrung als Innovator und Fachspezialist auf dem Gebiet der Tablettenentstaubung. Man kann uns wahrlich als Pioniere und Spezialisten bezeichnen.<\/p>\n","protected":false},"author":1,"featured_media":1943,"parent":7,"menu_order":2,"comment_status":"closed","ping_status":"closed","template":"views\/template-2columns.blade.php","meta":{"_acf_changed":false,"footnotes":""},"class_list":["post-52","page","type-page","status-publish","has-post-thumbnail","hentry"],"acf":[],"_links":{"self":[{"href":"https:\/\/www.kraemerag.ch\/de\/wp-json\/wp\/v2\/pages\/52","targetHints":{"allow":["GET"]}}],"collection":[{"href":"https:\/\/www.kraemerag.ch\/de\/wp-json\/wp\/v2\/pages"}],"about":[{"href":"https:\/\/www.kraemerag.ch\/de\/wp-json\/wp\/v2\/types\/page"}],"author":[{"embeddable":true,"href":"https:\/\/www.kraemerag.ch\/de\/wp-json\/wp\/v2\/users\/1"}],"replies":[{"embeddable":true,"href":"https:\/\/www.kraemerag.ch\/de\/wp-json\/wp\/v2\/comments?post=52"}],"version-history":[{"count":17,"href":"https:\/\/www.kraemerag.ch\/de\/wp-json\/wp\/v2\/pages\/52\/revisions"}],"predecessor-version":[{"id":11262,"href":"https:\/\/www.kraemerag.ch\/de\/wp-json\/wp\/v2\/pages\/52\/revisions\/11262"}],"up":[{"embeddable":true,"href":"https:\/\/www.kraemerag.ch\/de\/wp-json\/wp\/v2\/pages\/7"}],"wp:featuredmedia":[{"embeddable":true,"href":"https:\/\/www.kraemerag.ch\/de\/wp-json\/wp\/v2\/media\/1943"}],"wp:attachment":[{"href":"https:\/\/www.kraemerag.ch\/de\/wp-json\/wp\/v2\/media?parent=52"}],"curies":[{"name":"wp","href":"https:\/\/api.w.org\/{rel}","templated":true}]}}