{"id":30,"date":"2015-04-21T16:47:41","date_gmt":"2015-04-21T14:47:41","guid":{"rendered":"http:\/\/localhost:8888\/kra002-website-redesign-2015\/trunk\/wordpress\/?page_id=30"},"modified":"2022-12-06T12:06:26","modified_gmt":"2022-12-06T11:06:26","slug":"kontaktformular","status":"publish","type":"page","link":"https:\/\/www.kraemerag.ch\/de\/kontakt\/kontaktformular\/","title":{"rendered":"Kontaktformular"},"content":{"rendered":"\n\n\n<div class=\"wp-block-columns is-layout-flex wp-container-core-columns-is-layout-9d6595d7 wp-block-columns-is-layout-flex\">\n<div class=\"wp-block-column is-layout-flow wp-block-column-is-layout-flow\">\n<p><b>Kr\u00e4mer Switzerland<\/b><\/p>\n<p>In unserer Schweizer Zentrale koordinieren wir alle globalen Aktivit\u00e4ten.<\/p>\n<p>Kr\u00e4mer AG<br \/>Grindelstrasse 23<br \/>CH \u2013 8303 Bassersdorf<br \/>Phone +41 44 838 44 66<br \/>Fax +41 44 838 44 60<\/p>\n<p><a class=\"external-link\" href=\"https:\/\/goo.gl\/maps\/7KZfbcey63vQay3p8\" target=\"_blank\" rel=\"noopener noreferrer\">So finden Sie uns<\/a><\/p>\n<p>\u00a0<\/p>\n<p><b>Kra<\/b><b>emer China<\/b><\/p>\n<p>Unsere Chinesische Tochtergesellschaft betreut alle Kunden in China.<\/p>\n<p>Kr\u00e4mer AG (Switzerland) China Office<br \/>Room 705, Block D, No.80 Caobao Rd.<br \/>Xuhui District, Shanghai 200235, China<br \/>Phone +86 138 1841 6666<\/p>\n<p><a class=\"external-link\" title=\"\u00d6ffnet einen externen Link im aktuellen Fenster\" href=\"https:\/\/goo.gl\/maps\/cE2kcCNhQkobLawDA\" target=\"_blank\" rel=\"noopener noreferrer\">So finden Sie uns<\/a><\/p>\n<p>\u00a0<\/p>\n<\/div>\n\n\n\n<div class=\"wp-block-column is-layout-flow wp-block-column-is-layout-flow\">\n<p><b>Kraemer US<\/b><\/p>\n<p>Unsere Amerikanische Tochtergesellschaft betreut alle Kunden in Nord- , Zentral- und S\u00fcdamerika.<\/p>\n<p>Kraemer US, LLC<br \/>240 West Crescent Avenue<br \/>Allendale, New Jersey 07401, USA<br \/>Phone +1 201 962 8200<br \/>Fax +1 201 962 8197<\/p>\n<p><a class=\"external-link\" title=\"\u00d6ffnet einen externen Link im aktuellen Fenster\" href=\"https:\/\/goo.gl\/maps\/2yNMRA7hhKhpKhBo8\" target=\"_blank\" rel=\"noopener noreferrer\">So finden Sie uns<\/a><\/p>\n<p>\u00a0<\/p>\n<\/div>\n<\/div>\n","protected":false},"excerpt":{"rendered":"<p>Kr\u00e4mer Switzerland In unserer Schweizer Zentrale koordinieren wir alle globalen Aktivit\u00e4ten. Kr\u00e4mer AGGrindelstrasse 23CH \u2013 8303 BassersdorfPhone +41 44 838 44 66Fax +41 44 838 44 60 So finden Sie uns \u00a0 Kraemer China Unsere Chinesische Tochtergesellschaft betreut alle Kunden in China. Kr\u00e4mer AG (Switzerland) China OfficeRoom 705, Block D, No.80 Caobao Rd.Xuhui District, Shanghai &hellip; <a href=\"https:\/\/www.kraemerag.ch\/de\/kontakt\/kontaktformular\/\">Continued<\/a><\/p>\n","protected":false},"author":1,"featured_media":1919,"parent":13,"menu_order":1,"comment_status":"closed","ping_status":"closed","template":"views\/template-contact.blade.php","meta":{"_acf_changed":false,"footnotes":""},"class_list":["post-30","page","type-page","status-publish","has-post-thumbnail","hentry"],"acf":[],"_links":{"self":[{"href":"https:\/\/www.kraemerag.ch\/de\/wp-json\/wp\/v2\/pages\/30","targetHints":{"allow":["GET"]}}],"collection":[{"href":"https:\/\/www.kraemerag.ch\/de\/wp-json\/wp\/v2\/pages"}],"about":[{"href":"https:\/\/www.kraemerag.ch\/de\/wp-json\/wp\/v2\/types\/page"}],"author":[{"embeddable":true,"href":"https:\/\/www.kraemerag.ch\/de\/wp-json\/wp\/v2\/users\/1"}],"replies":[{"embeddable":true,"href":"https:\/\/www.kraemerag.ch\/de\/wp-json\/wp\/v2\/comments?post=30"}],"version-history":[{"count":34,"href":"https:\/\/www.kraemerag.ch\/de\/wp-json\/wp\/v2\/pages\/30\/revisions"}],"predecessor-version":[{"id":62549,"href":"https:\/\/www.kraemerag.ch\/de\/wp-json\/wp\/v2\/pages\/30\/revisions\/62549"}],"up":[{"embeddable":true,"href":"https:\/\/www.kraemerag.ch\/de\/wp-json\/wp\/v2\/pages\/13"}],"wp:featuredmedia":[{"embeddable":true,"href":"https:\/\/www.kraemerag.ch\/de\/wp-json\/wp\/v2\/media\/1919"}],"wp:attachment":[{"href":"https:\/\/www.kraemerag.ch\/de\/wp-json\/wp\/v2\/media?parent=30"}],"curies":[{"name":"wp","href":"https:\/\/api.w.org\/{rel}","templated":true}]}}