{"id":26,"date":"2015-04-21T16:46:54","date_gmt":"2015-04-21T14:46:54","guid":{"rendered":"http:\/\/localhost:8888\/kra002-website-redesign-2015\/trunk\/wordpress\/?page_id=26"},"modified":"2022-01-05T08:38:38","modified_gmt":"2022-01-05T07:38:38","slug":"service-und-support","status":"publish","type":"page","link":"https:\/\/www.kraemerag.ch\/de\/service\/service-und-support\/","title":{"rendered":"Service und Support"},"content":{"rendered":"<div class=\"editor-block block block__classic-paragraph-fullwidth\">\n  <div class=\"container\">\n    <div class=\"row\">\n      <div class=\"col-12\">\n      \t<p>Durch regelm\u00e4ssige Wartung k\u00f6nnen Ausf\u00e4lle vermieden und die Lebensdauer Ihres Kr\u00e4mer Entstaubers erh\u00f6ht werden. Als Folge davon k\u00f6nnen Sie optimale Produktivit\u00e4t und Effizienz Ihrer Prozesse erwarten. Durch unser weltweites Netzwerk bietet Ihnen Kr\u00e4mer einen kompetenten Service und Support. Dieser beinhaltet nebst dem technischen Support oder der Fehlerbehebung auch allf\u00e4llige Reparaturen\u00a0 und pr\u00e4ventive Massnahmen. Ebenfalls stehen wir Ihnen unterst\u00fctzend bei Validierungen der Maschinen sowie bei Schulungen zur Seite.<\/p>\n<p>&nbsp;<\/p>\n\n      <\/div>\n    <\/div>\n  <\/div>\n<\/div>\n\n\n\n<div class=\"editor-block block block__imageleft\">\n  <div class=\"mobile-image-container d-md-none mb-5  text-center\">\n        <img decoding=\"async\" src=\"https:\/\/www.kraemerag.ch\/wp-content\/uploads\/2020\/11\/Hotline-Support_2-e1605537114345.png\" class=\"img-fluid\" alt=\"\">\n  <\/div>\n  <div class=\"container\">\n    <div class=\"row justify-content-center\">\n      <div class=\"col-12 col-md-5 d-none d-md-block  text-center\">\n        <img decoding=\"async\" src=\"https:\/\/www.kraemerag.ch\/wp-content\/uploads\/2020\/11\/Hotline-Support_2-e1605537114345.png\" class=\"img-fluid\" alt=\"\">\n      <\/div>\n      <div class=\"col-12 col-md-7\">\n      \t<h4 class=\"p1\">hotline support<\/h4>\n<p>Kontaktieren Sie uns per Telefon oder \u00fcber unser <a href=\"https:\/\/kra009.dev.cubera.ch\/de\/kontakt\/kontaktformular\/\">Kontaktformular<\/a>.<br \/>\nWir w\u00fcrden uns freuen, Ihnen behilflich sein zu k\u00f6nnen.<\/p>\n<p>Europa\/ROW: <strong>Kr\u00e4mer AG Switzerland\u00a0 \u00a0 <\/strong>+41 44 838 44 66<\/p>\n<p>Americas: <strong>Kraemer US, LLC\u00a0 \u00a0 <\/strong>+1 201 962 8200<\/p>\n<p>Asien: <strong>Kr\u00e4mer AG (Switzerland) China Office\u00a0 \u00a0 <\/strong>+86 21 6470 3920<\/p>\n\n      <\/div>\n    <\/div>\n\n    \n  <\/div>\n<\/div>\n\n\n\n<div class=\"editor-block block block__imageleft\">\n  <div class=\"mobile-image-container d-md-none mb-5  text-center\">\n        <img decoding=\"async\" src=\"https:\/\/www.kraemerag.ch\/wp-content\/uploads\/2020\/11\/Field-Service-Maintenance_2-e1605537131586.png\" class=\"img-fluid\" alt=\"\">\n  <\/div>\n  <div class=\"container\">\n    <div class=\"row justify-content-center\">\n      <div class=\"col-12 col-md-5 d-none d-md-block  text-center\">\n        <img decoding=\"async\" src=\"https:\/\/www.kraemerag.ch\/wp-content\/uploads\/2020\/11\/Field-Service-Maintenance_2-e1605537131586.png\" class=\"img-fluid\" alt=\"\">\n      <\/div>\n      <div class=\"col-12 col-md-7\">\n      \t<h4 class=\"p1\">Aussendienst &amp; instandhaltung<\/h4>\n<p>Unsere hochqualifizierte Techniker unterst\u00fctzen Sie in allen Wartungsangelegenheiten um einen reibungslosen Produktionsbetrieb zu gew\u00e4hrleisten. Vorbeugende Massnahmen wie eine j\u00e4hrliche Wartung kann die Lebensdauer Ihrer Maschinen verl\u00e4ngern und vor erheblichen Ausfallzeiten sch\u00fctzen. Mit unserem kompetenten Fachpersonal geniessen Sie beste Unterst\u00fctzung und schnelle Reaktionszeiten rund um Ihr Anliegen.<\/p>\n\n      <\/div>\n    <\/div>\n\n    \n  <\/div>\n<\/div>\n\n\n\n<div class=\"block block__imagefullwidth-fact\" style=\"background: #d6dee8;\">\n\n\t<div class=\"container\">\n\t\t\n\t\t<div class=\"row justify-content-center\">\n\t\t\t<div class=\"col-12 col-md-6\">\n\t\t\t\t<h3 class=\"text-center\">weltweite abdeckung<\/h3>\n\t\t\t<\/div>\n\t\t\t\n\t\t<\/div>\n\n\t\t<div class=\"row justify-content-center\">\n\t\t\t<div class=\"col-12 col-lg-8\">\n\n\t\t\t\t<img decoding=\"async\" src=\"https:\/\/www.kraemerag.ch\/wp-content\/uploads\/2020\/11\/World-Map_7.png\" class=\"img-fluid\">\n\t\t\t<\/div>\n\t\t\t\n\t\t<\/div>\n\n\t\t<div class=\"row justify-content-center\">\n\t\t\t<div class=\"col-12 col-md-4\">\n\n\t\t\t\t<div class=\"fact imagefullwidth\">\n\t              <h5 class=\"fact-title text-center\"><span>Weltweit f\u00fcr Sie verf\u00fcgbar<\/span><\/h5>\n\t              <h5 class=\"fact-desc text-center\">mit 3 Standorten und \u00fcber 40 Vertretungen<\/h5>\n\t            <\/div>\n\t\t\t<\/div>\n\t\t<\/div>\n\n\t\t<div class=\"row justify-content-center\">\n\t\t\t<div class=\"col-12 col-md-6\">\n\t\t\t\t<p class=\"text-center\">Unser weltweites Netzwerk mit 3 eigene Kr\u00e4mer Standorten und mehr als 40 Vertretern erlaubt uns eine enge Beziehung mit allen Kunden, dank der wir einen optimalen Service und Support gew\u00e4hrleisten k\u00f6nnen.<\/p>\n\t\t\t<\/div>\n\t\t<\/div>\n\n\t<\/div>\n\n\n<\/div>\n\n<div class=\"editor-block block block__imageleft\">\n  <div class=\"mobile-image-container d-md-none mb-5  text-center\">\n        <img decoding=\"async\" src=\"https:\/\/www.kraemerag.ch\/wp-content\/uploads\/2020\/11\/Commissioning-Training_2-e1605537148140.png\" class=\"img-fluid\" alt=\"\">\n  <\/div>\n  <div class=\"container\">\n    <div class=\"row justify-content-center\">\n      <div class=\"col-12 col-md-5 d-none d-md-block  text-center\">\n        <img decoding=\"async\" src=\"https:\/\/www.kraemerag.ch\/wp-content\/uploads\/2020\/11\/Commissioning-Training_2-e1605537148140.png\" class=\"img-fluid\" alt=\"\">\n      <\/div>\n      <div class=\"col-12 col-md-7\">\n      \t<h4 class=\"p1\">inbetriebnahme &amp; schulung<\/h4>\n<p>Mit einem Kauf einer unserer Maschinen haben Sie einen zuverl\u00e4ssigen Partner f\u00fcr die Zukunft gefunden. Unsere kompetenten Mitarbeiten unterst\u00fctzen Sie gerne vor Ort um Ihnen eine sorglose und einfache Inbetriebnahme gew\u00e4hrleisten zu k\u00f6nnen. Das Bedienpersonal lernt dabei die Maschine aus einem anderen Blickwinkel kennen und profitiert von zus\u00e4tzlichem Fachwissen durch unsere Service Techniker. Bei Bedarf bieten wir auch Produktschulungen bei Kr\u00e4mer AG oder vorort bei Kunden und ebenfalls Online oder lokale Validierungen (SAT\/FAT) an.<\/p>\n\n      <\/div>\n    <\/div>\n\n    \n  <\/div>\n<\/div>\n\n\n\n<div class=\"editor-block block block__imageleft\">\n  <div class=\"mobile-image-container d-md-none mb-5  text-center\">\n        <img decoding=\"async\" src=\"https:\/\/www.kraemerag.ch\/wp-content\/uploads\/2020\/11\/Spare-Parts_2-e1605537163435.png\" class=\"img-fluid\" alt=\"\">\n  <\/div>\n  <div class=\"container\">\n    <div class=\"row justify-content-center\">\n      <div class=\"col-12 col-md-5 d-none d-md-block  text-center\">\n        <img decoding=\"async\" src=\"https:\/\/www.kraemerag.ch\/wp-content\/uploads\/2020\/11\/Spare-Parts_2-e1605537163435.png\" class=\"img-fluid\" alt=\"\">\n      <\/div>\n      <div class=\"col-12 col-md-7\">\n      \t<h4 class=\"p1\">ersatzteile<\/h4>\n<p>Es ist kein Geheimnis, dass Kr\u00e4mer Maschinen als Sinnbild f\u00fcr Langlebigkeit gelten. Um den steigenden Normen und Standards gerecht werden zu k\u00f6nnen, sind Kr\u00e4mer Ersatzteile nach h\u00f6chsten Qualit\u00e4tsstandards gefertigt und garantieren daher die Langlebigkeit der Maschinen. Kritische Ersatzteile sind jederzeit auf Abruf vorr\u00e4tig und k\u00f6nnen bei Bedarf auch Express geliefert werden.<\/p>\n\n      <\/div>\n    <\/div>\n\n    \n  <\/div>\n<\/div>\n\n\n\n<div class=\"block block__gutenberg--image\"><div class=\"container\"><div class=\"row justify-content-center\"><div class=\"col-12 col-lg-8\">\n<figure class=\"wp-block-image size-full\"><img loading=\"lazy\" decoding=\"async\" width=\"1939\" height=\"986\" src=\"https:\/\/www.kraemerag.ch\/wp-content\/uploads\/2020\/11\/app_apple_android_shadow.png\" alt=\"\" class=\"wp-image-10585\" srcset=\"https:\/\/www.kraemerag.ch\/wp-content\/uploads\/2020\/11\/app_apple_android_shadow.png 1939w, https:\/\/www.kraemerag.ch\/wp-content\/uploads\/2020\/11\/app_apple_android_shadow-300x153.png 300w, https:\/\/www.kraemerag.ch\/wp-content\/uploads\/2020\/11\/app_apple_android_shadow-1024x521.png 1024w, https:\/\/www.kraemerag.ch\/wp-content\/uploads\/2020\/11\/app_apple_android_shadow-150x76.png 150w, https:\/\/www.kraemerag.ch\/wp-content\/uploads\/2020\/11\/app_apple_android_shadow-768x391.png 768w, https:\/\/www.kraemerag.ch\/wp-content\/uploads\/2020\/11\/app_apple_android_shadow-1536x781.png 1536w\" sizes=\"auto, (max-width: 1939px) 100vw, 1939px\" \/><\/figure>\n<\/div><\/div><\/div><\/div>\n\n<div class=\"block block__gutenberg--heading\"><div class=\"container\"><div class=\"row justify-content-center\"><div class=\"col-12 col-md-6\">\n<h4 class=\"has-text-align-center wp-block-heading\">Unsere Praktische Diagnose-App<\/h4>\n<\/div><\/div><\/div><\/div>\n\n<div class=\"block block__gutenberg--paragraph\"><div class=\"container\"><div class=\"row justify-content-center\"><div class=\"col-12 col-md-8\">\n<p>Wir bei Kr\u00e4mer setzen wir uns daf\u00fcr ein, dass unsere Kunden \u00fcber die richtigen Werkzeuge verf\u00fcgen, um ihre Kr\u00e4mer Ger\u00e4te ordnungsgem\u00e4\u00df warten zu k\u00f6nnen. Wenn Sie Fragen, Bedarf an Service- oder Supportleistung oder Sie zus\u00e4tzliche Informationen wie Artikelnummern, Spezifikationen oder Handb\u00fccher ben\u00f6tigen, lassen Sie es uns wissen. Wir werden Ihnen mit Rat und Tat zur Seite stehen.\u200b<\/p>\n<\/div><\/div><\/div><\/div>\n\n<div class=\"block block__gutenberg--heading\"><div class=\"container\"><div class=\"row justify-content-center\"><div class=\"col-12 col-md-6\">\n<h4 class=\"has-text-align-center wp-block-heading\">Jetzt Herunterladen<\/h4>\n<\/div><\/div><\/div><\/div>\n\n<div class=\"block block__store-buttons\">\n<div class=\"container\">\n  <div class=\"row justify-content-center\">\n    <div class=\"col-6 col-md-3 col-lg-2\">\n      <a class=\"\" href=\"https:\/\/play.google.com\/store\/apps\/details?id=com.aubrey.KraemerMeter&amp;hl\" target=\"_blank\">\n        <img decoding=\"async\" src=\"https:\/\/www.kraemerag.ch\/wp-content\/themes\/kraemer_ag_new\/dist\/images\/android@3x_0342fd6a.png\" class=\"img-fluid\">\n      <\/a>\n    <\/div>\n    <div class=\"col-6 col-md-3 col-lg-2\">\n      <a class=\"\" href=\"https:\/\/apps.apple.com\/us\/app\/kraemer\/id615127144\" target=\"_blank\">\n        <img decoding=\"async\" src=\"https:\/\/www.kraemerag.ch\/wp-content\/themes\/kraemer_ag_new\/dist\/images\/ios@3x_a2caca6b.png}\" class=\"img-fluid\">\n      <\/a>\n    <\/div>\n  <\/div>\n<\/div>\n<\/div>\n\n","protected":false},"excerpt":{"rendered":"<p>Unsere Praktische Diagnose-App Wir bei Kr\u00e4mer setzen wir uns daf\u00fcr ein, dass unsere Kunden \u00fcber die richtigen Werkzeuge verf\u00fcgen, um ihre Kr\u00e4mer Ger\u00e4te ordnungsgem\u00e4\u00df warten zu k\u00f6nnen. Wenn Sie Fragen, Bedarf an Service- oder Supportleistung oder Sie zus\u00e4tzliche Informationen wie Artikelnummern, Spezifikationen oder Handb\u00fccher ben\u00f6tigen, lassen Sie es uns wissen. Wir werden Ihnen mit Rat &hellip; <a href=\"https:\/\/www.kraemerag.ch\/de\/service\/service-und-support\/\">Continued<\/a><\/p>\n","protected":false},"author":1,"featured_media":1940,"parent":9,"menu_order":1,"comment_status":"closed","ping_status":"closed","template":"","meta":{"_acf_changed":false,"footnotes":""},"class_list":["post-26","page","type-page","status-publish","has-post-thumbnail","hentry"],"acf":[],"_links":{"self":[{"href":"https:\/\/www.kraemerag.ch\/de\/wp-json\/wp\/v2\/pages\/26","targetHints":{"allow":["GET"]}}],"collection":[{"href":"https:\/\/www.kraemerag.ch\/de\/wp-json\/wp\/v2\/pages"}],"about":[{"href":"https:\/\/www.kraemerag.ch\/de\/wp-json\/wp\/v2\/types\/page"}],"author":[{"embeddable":true,"href":"https:\/\/www.kraemerag.ch\/de\/wp-json\/wp\/v2\/users\/1"}],"replies":[{"embeddable":true,"href":"https:\/\/www.kraemerag.ch\/de\/wp-json\/wp\/v2\/comments?post=26"}],"version-history":[{"count":234,"href":"https:\/\/www.kraemerag.ch\/de\/wp-json\/wp\/v2\/pages\/26\/revisions"}],"predecessor-version":[{"id":42881,"href":"https:\/\/www.kraemerag.ch\/de\/wp-json\/wp\/v2\/pages\/26\/revisions\/42881"}],"up":[{"embeddable":true,"href":"https:\/\/www.kraemerag.ch\/de\/wp-json\/wp\/v2\/pages\/9"}],"wp:featuredmedia":[{"embeddable":true,"href":"https:\/\/www.kraemerag.ch\/de\/wp-json\/wp\/v2\/media\/1940"}],"wp:attachment":[{"href":"https:\/\/www.kraemerag.ch\/de\/wp-json\/wp\/v2\/media?parent=26"}],"curies":[{"name":"wp","href":"https:\/\/api.w.org\/{rel}","templated":true}]}}