{"id":17,"date":"2015-04-21T14:38:06","date_gmt":"2015-04-21T12:38:06","guid":{"rendered":"http:\/\/localhost:8888\/kra002-website-redesign-2015\/trunk\/wordpress\/?page_id=17"},"modified":"2022-01-05T08:37:04","modified_gmt":"2022-01-05T07:37:04","slug":"wieso-kraemer","status":"publish","type":"page","link":"https:\/\/www.kraemerag.ch\/de\/unternehmen\/wieso-kraemer\/","title":{"rendered":"Wieso Kr\u00e4mer"},"content":{"rendered":"<div class=\"editor-block block block__imageleft\">\n  <div class=\"mobile-image-container d-md-none mb-5  text-center\">\n        <img decoding=\"async\" src=\"https:\/\/www.kraemerag.ch\/wp-content\/uploads\/2020\/11\/Erfahrung-e1605623290999.png\" class=\"img-fluid\" alt=\"\">\n  <\/div>\n  <div class=\"container\">\n    <div class=\"row justify-content-center\">\n      <div class=\"col-12 col-md-5 d-none d-md-block  text-center\">\n        <img decoding=\"async\" src=\"https:\/\/www.kraemerag.ch\/wp-content\/uploads\/2020\/11\/Erfahrung-e1605623290999.png\" class=\"img-fluid\" alt=\"\">\n      <\/div>\n      <div class=\"col-12 col-md-7\">\n      \t<h4 class=\"p1\">Erfahrung<\/h4>\n<p>Unsere Firma besteht seit mehr als 45 Jahren und hat mehrere Patente umsetzen k\u00f6nnen. Unser Ziel ist es, uns stetig zu Verbessern, um der steigenden Anzahl an individuellen Kundenw\u00fcnschen gerecht zu werden. Unsere Maschinen zeichnen sich durch Qualit\u00e4t, Zuverl\u00e4ssigkeit und Langlebigkeit aus. Dies ist nur mit hoch qualifiziertem\u00a0 Personal m\u00f6glich, welche diese Unternehmensphilosophie mittr\u00e4gt und auch vorlebt. Das macht uns zu einem einzigartigen Unternehmen und den perfekten Partner f\u00fcr Sie. Wir haben uns nebst unseren Standardl\u00f6sungen auch auf Individuall\u00f6sungen spezialisiert und stehen Ihnen gerne mit Rat und Tat zur Seite.<\/p>\n\n      <\/div>\n    <\/div>\n\n        <div class=\"facts\">\n      <div class=\"row justify-content-between\">\n                    <div class=\"col-12 col-md-3 mb-5 mb-md-0\">\n            <div class=\"fact\">\n              <h5 class=\"fact-title\" ><span>Erfahrung<\/span><\/h5>\n              <h5 class=\"fact-desc textimate \" >\u00fcber 45 Jahre Erfahrung<\/h5>\n            <\/div>\n          <\/div>\n                    <div class=\"col-12 col-md-3 mb-5 mb-md-0\">\n            <div class=\"fact\">\n              <h5 class=\"fact-title\" ><span>Spezialisierung<\/span><\/h5>\n              <h5 class=\"fact-desc textimate \" >auf Individuall\u00f6sungen<\/h5>\n            <\/div>\n          <\/div>\n                    <div class=\"col-12 col-md-3 mb-5 mb-md-0\">\n            <div class=\"fact\">\n              <h5 class=\"fact-title\" ><span>Qualifizierte Fachkr\u00e4fte<\/span><\/h5>\n              <h5 class=\"fact-desc textimate \" >f\u00fcr beste Qualit\u00e4t<\/h5>\n            <\/div>\n          <\/div>\n                <\/div>\n    <\/div>\n    \n  <\/div>\n<\/div>\n\n\n\n\n<div style=\"height:100px\" aria-hidden=\"true\" class=\"wp-block-spacer\"><\/div>\n\n\n<div class=\"editor-block block block__imageleft\">\n  <div class=\"mobile-image-container d-md-none mb-5  text-center\">\n        <img decoding=\"async\" src=\"https:\/\/www.kraemerag.ch\/wp-content\/uploads\/2020\/11\/Zuverl\u00e4ssigkeit-e1605623344680.png\" class=\"img-fluid\" alt=\"\">\n  <\/div>\n  <div class=\"container\">\n    <div class=\"row justify-content-center\">\n      <div class=\"col-12 col-md-5 d-none d-md-block  text-center\">\n        <img decoding=\"async\" src=\"https:\/\/www.kraemerag.ch\/wp-content\/uploads\/2020\/11\/Zuverl\u00e4ssigkeit-e1605623344680.png\" class=\"img-fluid\" alt=\"\">\n      <\/div>\n      <div class=\"col-12 col-md-7\">\n      \t<h4 class=\"p1\">Zuverl\u00e4ssigkeit<\/h4>\n<p>Unsere Maschinen haben dank der hervorragenden Qualit\u00e4t sowie dem patentierten Antrieb eine \u00fcberdurchschnittliche hohe Lebensdauer. So sind noch heute einige der ersten Entstauber aus dem Jahre 1979 im Einsatz. Durch regelm\u00e4ssige Wartung k\u00f6nnen Ausf\u00e4lle vermieden und die Lebensdauer Ihres Kr\u00e4mer Entstaubers erh\u00f6ht werden. Wir unterst\u00fctzen Sie gerne und helfen Ihrem Personal den richtigen Umgang mit den Maschinen zu lernen.<\/p>\n\n      <\/div>\n    <\/div>\n\n        <div class=\"facts\">\n      <div class=\"row justify-content-between\">\n                    <div class=\"col-12 col-md-3 mb-5 mb-md-0\">\n            <div class=\"fact\">\n              <h5 class=\"fact-title\" ><span>Edelstahl Ausf\u00fchrung<\/span><\/h5>\n              <h5 class=\"fact-desc textimate \" >robust und widerstandsf\u00e4hig<\/h5>\n            <\/div>\n          <\/div>\n                    <div class=\"col-12 col-md-3 mb-5 mb-md-0\">\n            <div class=\"fact\">\n              <h5 class=\"fact-title\" ><span>Hohe Lebensdauer<\/span><\/h5>\n              <h5 class=\"fact-desc textimate \" >tiefe Total Cost of Ownership<\/h5>\n            <\/div>\n          <\/div>\n                    <div class=\"col-12 col-md-3 mb-5 mb-md-0\">\n            <div class=\"fact\">\n              <h5 class=\"fact-title\" ><span>Vibrationsfreies Geh\u00e4use <\/span><\/h5>\n              <h5 class=\"fact-desc textimate \" >dank patentiertem Antrieb<\/h5>\n            <\/div>\n          <\/div>\n                <\/div>\n    <\/div>\n    \n  <\/div>\n<\/div>\n\n\n\n\n<div style=\"height:100px\" aria-hidden=\"true\" class=\"wp-block-spacer\"><\/div>\n\n\n<div class=\"editor-block block block__imageleft\">\n  <div class=\"mobile-image-container d-md-none mb-5  text-center\">\n        <img decoding=\"async\" src=\"https:\/\/www.kraemerag.ch\/wp-content\/uploads\/2020\/11\/Qualit\u00e4t-e1605623369359.png\" class=\"img-fluid\" alt=\"\">\n  <\/div>\n  <div class=\"container\">\n    <div class=\"row justify-content-center\">\n      <div class=\"col-12 col-md-5 d-none d-md-block  text-center\">\n        <img decoding=\"async\" src=\"https:\/\/www.kraemerag.ch\/wp-content\/uploads\/2020\/11\/Qualit\u00e4t-e1605623369359.png\" class=\"img-fluid\" alt=\"\">\n      <\/div>\n      <div class=\"col-12 col-md-7\">\n      \t<h4 class=\"p1\">Qualit\u00e4t<\/h4>\n<p class=\"p1\">Unsere L\u00f6sungen bieten hochwertige Performance und niedrige Kosten \u00fcber den gesamten Produktlebenszyklus. Durch einen modularen Aufbau kann die Maschine schnell und unkompliziert in dessen Einzelteile zerlegt werden. Dies f\u00fchrt zu einer h\u00f6heren Effizienz in der Prozessabwicklung, wodurch eine h\u00f6here Produktivit\u00e4t garantiert werden kann. Dieser Grundsatz wird auch innerhalb unserer Firma gelebt. Um den entsprechenden Anforderungen gerecht werden zu k\u00f6nnen, unterziehen wir uns regelm\u00e4ssig einem Audit durch externe Stellen.<\/p>\n<p>&nbsp;<\/p>\n\n      <\/div>\n    <\/div>\n\n        <div class=\"facts\">\n      <div class=\"row justify-content-between\">\n                    <div class=\"col-12 col-md-3 mb-5 mb-md-0\">\n            <div class=\"fact\">\n              <h5 class=\"fact-title\" ><span>QM System<\/span><\/h5>\n              <h5 class=\"fact-desc textimate \" >ISO 9001:2015<\/h5>\n            <\/div>\n          <\/div>\n                    <div class=\"col-12 col-md-3 mb-5 mb-md-0\">\n            <div class=\"fact\">\n              <h5 class=\"fact-title\" ><span>Modularer Aufbau<\/span><\/h5>\n              <h5 class=\"fact-desc textimate \" >ohne Werkzeuge<\/h5>\n            <\/div>\n          <\/div>\n                    <div class=\"col-12 col-md-3 mb-5 mb-md-0\">\n            <div class=\"fact\">\n              <h5 class=\"fact-title\" ><span>Produktivit\u00e4t<\/span><\/h5>\n              <h5 class=\"fact-desc textimate \" >Effizient und Effektiv <\/h5>\n            <\/div>\n          <\/div>\n                <\/div>\n    <\/div>\n    \n  <\/div>\n<\/div>\n\n\n\n<div class=\"block block__imagefullwidth-fact\" style=\"background: #d6dee8;\">\n\n\t<div class=\"container\">\n\t\t\n\t\t<div class=\"row justify-content-center\">\n\t\t\t<div class=\"col-12 col-md-6\">\n\t\t\t\t<h3 class=\"text-center\"><\/h3>\n\t\t\t<\/div>\n\t\t\t\n\t\t<\/div>\n\n\t\t<div class=\"row justify-content-center\">\n\t\t\t<div class=\"col-12 col-lg-8\">\n\n\t\t\t\t<img decoding=\"async\" src=\"https:\/\/www.kraemerag.ch\/wp-content\/uploads\/2020\/11\/World-Map_7.png\" class=\"img-fluid\">\n\t\t\t<\/div>\n\t\t\t\n\t\t<\/div>\n\n\t\t<div class=\"row justify-content-center\">\n\t\t\t<div class=\"col-12 col-md-4\">\n\n\t\t\t\t<div class=\"fact imagefullwidth\">\n\t              <h5 class=\"fact-title text-center\"><span>Weltweit f\u00fcr Sie verf\u00fcgbar<\/span><\/h5>\n\t              <h5 class=\"fact-desc text-center\">mit 3 Standorten und \u00fcber 40 Vertretungen<\/h5>\n\t            <\/div>\n\t\t\t<\/div>\n\t\t<\/div>\n\n\t\t<div class=\"row justify-content-center\">\n\t\t\t<div class=\"col-12 col-md-6\">\n\t\t\t\t<p class=\"text-center\">Unser weltweites Netzwerk mit 3 eigenen Kr\u00e4mer Standorten und mehr als 40 Vertretern erlaubt uns eine enge Beziehung mit allen Kunden, dank der wir einen optimalen Service und Support gew\u00e4hrleisten k\u00f6nnen.<\/p>\n\t\t\t<\/div>\n\t\t<\/div>\n\n\t<\/div>\n\n\n<\/div>","protected":false},"excerpt":{"rendered":"","protected":false},"author":1,"featured_media":1946,"parent":7,"menu_order":1,"comment_status":"closed","ping_status":"open","template":"","meta":{"_acf_changed":false,"footnotes":""},"class_list":["post-17","page","type-page","status-publish","has-post-thumbnail","hentry"],"acf":[],"_links":{"self":[{"href":"https:\/\/www.kraemerag.ch\/de\/wp-json\/wp\/v2\/pages\/17","targetHints":{"allow":["GET"]}}],"collection":[{"href":"https:\/\/www.kraemerag.ch\/de\/wp-json\/wp\/v2\/pages"}],"about":[{"href":"https:\/\/www.kraemerag.ch\/de\/wp-json\/wp\/v2\/types\/page"}],"author":[{"embeddable":true,"href":"https:\/\/www.kraemerag.ch\/de\/wp-json\/wp\/v2\/users\/1"}],"replies":[{"embeddable":true,"href":"https:\/\/www.kraemerag.ch\/de\/wp-json\/wp\/v2\/comments?post=17"}],"version-history":[{"count":116,"href":"https:\/\/www.kraemerag.ch\/de\/wp-json\/wp\/v2\/pages\/17\/revisions"}],"predecessor-version":[{"id":42879,"href":"https:\/\/www.kraemerag.ch\/de\/wp-json\/wp\/v2\/pages\/17\/revisions\/42879"}],"up":[{"embeddable":true,"href":"https:\/\/www.kraemerag.ch\/de\/wp-json\/wp\/v2\/pages\/7"}],"wp:featuredmedia":[{"embeddable":true,"href":"https:\/\/www.kraemerag.ch\/de\/wp-json\/wp\/v2\/media\/1946"}],"wp:attachment":[{"href":"https:\/\/www.kraemerag.ch\/de\/wp-json\/wp\/v2\/media?parent=17"}],"curies":[{"name":"wp","href":"https:\/\/api.w.org\/{rel}","templated":true}]}}