{"id":13,"date":"2015-04-21T11:24:09","date_gmt":"2015-04-21T09:24:09","guid":{"rendered":"http:\/\/localhost:8888\/kra002-website-redesign-2015\/trunk\/wordpress\/?page_id=13"},"modified":"2019-09-20T15:51:07","modified_gmt":"2019-09-20T13:51:07","slug":"kontakt","status":"publish","type":"page","link":"https:\/\/www.kraemerag.ch\/de\/kontakt\/","title":{"rendered":"Kontakt"},"content":{"rendered":"<p><b>Kr\u00e4mer Switzerland<\/b><\/p>\n<p>In unserem Schweizer Hauptquartier koordinieren wir alle globalen Aktivit\u00e4ten.<\/p>\n<p>Kr\u00e4mer AG<br \/>\nGrindelstrasse 23<br \/>\nCH \u2013 8303 Bassersdorf<br \/>\nTel.\u00a0+41 44 838 44 66<br \/>\nFax +41 44 838 44 60<\/p>\n<ul>\n<li><a class=\"internal-link\" title=\"\u00d6ffnet einen internen Link im aktuellen Fenster\" href=\"http:\/\/kraemerag.ch\/Kontaktformular.49.0.html?&amp;L=1\">kontaktieren Sie uns<\/a><\/li>\n<li><a class=\"external-link\" href=\"http:\/\/maps.google.ch\/maps?f=q&amp;source=s_q&amp;hl=de&amp;geocode=&amp;q=Grindelstrasse+23+basserstorf&amp;sll=46.362093,9.036255&amp;sspn=6.633845,7.207031&amp;ie=UTF8&amp;hq=&amp;hnear=Grindelstrasse+23,+8303+Bassersdorf,+Z%C3%BCrich&amp;z=17&amp;iwloc=r0\" target=\"_blank\" rel=\"noopener\">wie Sie uns finden<\/a><\/li>\n<\/ul>\n<p><b>\u00a0<\/b><\/p>\n<p><b>Kra<\/b><b>emer US<\/b><\/p>\n<p>Unsere amerikanische Niederlassung bedient alle Kunden in Nord-, Mittel- und S\u00fcdamerika.<\/p>\n<p>Kraemer US, LLC<br \/>\n240 West Crescent Avenue<br \/>\nAllendale, New Jersey 07401-0577<br \/>\nPhone +1 201 962 8200<br \/>\nFax +1 201 962 8197<\/p>\n<ul>\n<li><a class=\"internal-link\" title=\"\u00d6ffnet einen internen Link im aktuellen Fenster\" href=\"http:\/\/kraemerag.ch\/Kontaktformular.49.0.html?&amp;L=1\">kontaktieren Sie uns<\/a><\/li>\n<li><a class=\"external-link\" title=\"\u00d6ffnet einen externen Link im aktuellen Fenster\" href=\"http:\/\/maps.google.ch\/maps?f=q&amp;source=s_q&amp;hl=de&amp;geocode=&amp;q=240+West+Crescent+Avenue,+Allendale,+NJ+07401-0577&amp;sll=41.035972,-74.134482&amp;sspn=0.011508,0.014741&amp;ie=UTF8&amp;hq=&amp;hnear=240+W+Crescent+Ave,+Allendale,+Bergen,+New+Jersey+07401,+Vereinigte+Staaten&amp;t=h&amp;z=16&amp;iwloc=A\" target=\"_blank\" rel=\"noopener\">wie Sie uns finden<\/a><\/li>\n<\/ul>\n","protected":false},"excerpt":{"rendered":"<p>Kr\u00e4mer Switzerland In unserem Schweizer Hauptquartier koordinieren wir alle globalen Aktivit\u00e4ten. Kr\u00e4mer AG Grindelstrasse 23 CH \u2013 8303 Bassersdorf Tel.\u00a0+41 44 838 44 66 Fax +41 44 838 44 60 kontaktieren Sie uns wie Sie uns finden \u00a0 Kraemer US Unsere amerikanische Niederlassung bedient alle Kunden in Nord-, Mittel- und S\u00fcdamerika. Kraemer US, LLC 240 &hellip; <a href=\"https:\/\/www.kraemerag.ch\/de\/kontakt\/\">Continued<\/a><\/p>\n","protected":false},"author":1,"featured_media":0,"parent":0,"menu_order":5,"comment_status":"closed","ping_status":"closed","template":"page-templates\/2-spalten.php","meta":{"_acf_changed":false,"footnotes":""},"class_list":["post-13","page","type-page","status-publish","hentry"],"acf":[],"_links":{"self":[{"href":"https:\/\/www.kraemerag.ch\/de\/wp-json\/wp\/v2\/pages\/13","targetHints":{"allow":["GET"]}}],"collection":[{"href":"https:\/\/www.kraemerag.ch\/de\/wp-json\/wp\/v2\/pages"}],"about":[{"href":"https:\/\/www.kraemerag.ch\/de\/wp-json\/wp\/v2\/types\/page"}],"author":[{"embeddable":true,"href":"https:\/\/www.kraemerag.ch\/de\/wp-json\/wp\/v2\/users\/1"}],"replies":[{"embeddable":true,"href":"https:\/\/www.kraemerag.ch\/de\/wp-json\/wp\/v2\/comments?post=13"}],"version-history":[{"count":10,"href":"https:\/\/www.kraemerag.ch\/de\/wp-json\/wp\/v2\/pages\/13\/revisions"}],"predecessor-version":[{"id":134505,"href":"https:\/\/www.kraemerag.ch\/de\/wp-json\/wp\/v2\/pages\/13\/revisions\/134505"}],"wp:attachment":[{"href":"https:\/\/www.kraemerag.ch\/de\/wp-json\/wp\/v2\/media?parent=13"}],"curies":[{"name":"wp","href":"https:\/\/api.w.org\/{rel}","templated":true}]}}