{"id":1264,"date":"2015-08-05T13:19:16","date_gmt":"2015-08-05T11:19:16","guid":{"rendered":"https:\/\/www.kraemerag.ch\/?page_id=1264"},"modified":"2022-03-22T15:31:18","modified_gmt":"2022-03-22T14:31:18","slug":"startseite","status":"publish","type":"page","link":"https:\/\/www.kraemerag.ch\/de\/","title":{"rendered":"Startseite"},"content":{"rendered":"<div class=\"block block__gutenberg--heading\"><div class=\"container\"><div class=\"row justify-content-center\"><div class=\"col-12 col-md-6\">\n<h4 class=\"has-text-align-center p1 wp-block-heading\" id=\"kramer-das-schweizer-original-seit-1975\">Kr\u00e4mer, das Schweizer Original seit 1975<\/h4>\n<\/div><\/div><\/div><\/div>\n\n<div class=\"block block__gutenberg--paragraph\"><div class=\"container\"><div class=\"row justify-content-center\"><div class=\"col-12 col-md-8\">\n<p><\/p>\n<\/div><\/div><\/div><\/div>\n\n<div class=\"block block__gutenberg--paragraph\"><div class=\"container\"><div class=\"row justify-content-center\"><div class=\"col-12 col-md-8\">\n<p class=\"has-text-align-left\">Kr\u00e4mer AG ist weltweit f\u00fchrend in der Herstellung von F\u00f6rder-, Entstaubungs- und Handlingsger\u00e4ten f\u00fcr die pharmazeutische Industrie und entwickelt innovative, kundenspezifische Spezialanlagen. Seit der Erfindung des ersten Tablettenentstaubers vor mehr als 45 Jahren hat die Firma grosse Pionierarbeit geleistet und neue Trends gesetzt. In Zusammenarbeit mit Herstellern von Tablettenpressen oder Kapself\u00fcllanlagen auf der ganzen Welt, erarbeitet die Firma Kr\u00e4mer AG L\u00f6sungen f\u00fcr herk\u00f6mmliche Produktionsanforderungen oder auch kundenspezifische Speziall\u00f6sungen f\u00fcr Anwendungen in staubdichten (DT) und contained (C) oder high containment (HC) Umgebungen. Unsere KD70 Serie ist SMEPAC zertifiziert und entspricht den geforderten ATEX Richtlinien und verf\u00fcgt \u00fcber optionale Wash-in-Place (WIP) Systeme. F\u00fcr einfachere Anforderungen bietet sich unsere Econo-Linie KD60 Serie an, welche ebenfalls \u00fcber den patentierten Antrieb verf\u00fcgt und mit verschiedenen Metalldetektoren ausgestattet werden kann.<\/p>\n<\/div><\/div><\/div><\/div>\n\n<div class=\"block block__gutenberg--paragraph\"><div class=\"container\"><div class=\"row justify-content-center\"><div class=\"col-12 col-md-8\">\n<p class=\"has-text-align-left\">Weltweit sind \u00fcber 10&#8217;000 Kr\u00e4mer Entstauber und Kapselpolierer im Einsatz und gew\u00e4hrleisten t\u00e4glich einen reibungslosen Ablauf in pharmazeutischen Betrieben. Multinationale Pharmaproduzenten aber auch kleine, lokale Hersteller von Tabletten und Kapseln sch\u00e4tzen die Qualit\u00e4t und Zuverl\u00e4ssigkeit unserer Produkte.<\/p>\n<\/div><\/div><\/div><\/div>\n\n\n<div class=\"wp-block-buttons is-content-justification-center is-layout-flex wp-container-core-buttons-is-layout-16018d1d wp-block-buttons-is-layout-flex\">\n<div class=\"wp-block-button\"><a class=\"wp-block-button__link\" href=\"https:\/\/www.kraemerag.ch\/de\/unternehmen\/wieso-kraemer\/\">Wieso Kr\u00e4mer<\/a><\/div>\n\n\n\n<div class=\"wp-block-button\"><a class=\"wp-block-button__link\" href=\"https:\/\/www.kraemerag.ch\/de\/service\/service-und-support\/\">Service und Support<\/a><\/div>\n<\/div>\n","protected":false},"excerpt":{"rendered":"<p>Kr\u00e4mer, das Schweizer Original seit 1975 Kr\u00e4mer AG ist weltweit f\u00fchrend in der Herstellung von F\u00f6rder-, Entstaubungs- und Handlingsger\u00e4ten f\u00fcr die pharmazeutische Industrie und entwickelt innovative, kundenspezifische Spezialanlagen. Seit der Erfindung des ersten Tablettenentstaubers vor mehr als 45 Jahren hat die Firma grosse Pionierarbeit geleistet und neue Trends gesetzt. In Zusammenarbeit mit Herstellern von Tablettenpressen &hellip; <a href=\"https:\/\/www.kraemerag.ch\/de\/\">Continued<\/a><\/p>\n","protected":false},"author":1,"featured_media":0,"parent":0,"menu_order":0,"comment_status":"closed","ping_status":"closed","template":"views\/template-home.blade.php","meta":{"_acf_changed":false,"footnotes":""},"class_list":["post-1264","page","type-page","status-publish","hentry"],"acf":[],"_links":{"self":[{"href":"https:\/\/www.kraemerag.ch\/de\/wp-json\/wp\/v2\/pages\/1264","targetHints":{"allow":["GET"]}}],"collection":[{"href":"https:\/\/www.kraemerag.ch\/de\/wp-json\/wp\/v2\/pages"}],"about":[{"href":"https:\/\/www.kraemerag.ch\/de\/wp-json\/wp\/v2\/types\/page"}],"author":[{"embeddable":true,"href":"https:\/\/www.kraemerag.ch\/de\/wp-json\/wp\/v2\/users\/1"}],"replies":[{"embeddable":true,"href":"https:\/\/www.kraemerag.ch\/de\/wp-json\/wp\/v2\/comments?post=1264"}],"version-history":[{"count":168,"href":"https:\/\/www.kraemerag.ch\/de\/wp-json\/wp\/v2\/pages\/1264\/revisions"}],"predecessor-version":[{"id":134539,"href":"https:\/\/www.kraemerag.ch\/de\/wp-json\/wp\/v2\/pages\/1264\/revisions\/134539"}],"wp:attachment":[{"href":"https:\/\/www.kraemerag.ch\/de\/wp-json\/wp\/v2\/media?parent=1264"}],"curies":[{"name":"wp","href":"https:\/\/api.w.org\/{rel}","templated":true}]}}